{"id":51,"date":"2024-03-20T20:07:38","date_gmt":"2024-03-20T23:07:38","guid":{"rendered":"https:\/\/jessicasepeestetica.com.br\/?page_id=51"},"modified":"2024-12-22T16:00:08","modified_gmt":"2024-12-22T19:00:08","slug":"home","status":"publish","type":"page","link":"https:\/\/jessicasepeestetica.com.br\/","title":{"rendered":"Home"},"content":{"rendered":"\t\t<div data-elementor-type=\"wp-page\" data-elementor-id=\"51\" class=\"elementor elementor-51\">\n\t\t\t\t<div class=\"elementor-element elementor-element-8712ec2 e-con-full e-flex e-con e-parent\" data-id=\"8712ec2\" data-element_type=\"container\" data-settings=\"{&quot;background_background&quot;:&quot;classic&quot;}\">\n\t\t\t\t<div class=\"elementor-element elementor-element-3921479 elementor-widget-mobile__width-initial elementor-widget elementor-widget-heading\" data-id=\"3921479\" data-element_type=\"widget\" data-widget_type=\"heading.default\">\n\t\t\t\t<div class=\"elementor-widget-container\">\n\t\t\t\t\t<h2 class=\"elementor-heading-title elementor-size-default\">Experimente<br> \nos <span style=\"background: #e2328d;color:white;border-radius: 30px 30px 30px 30px;padding: 0px 5px 0px 5px\"> tratamentos <\/span><br> \nde Est\u00e9tica Facial <br> \n<span style=\"background:#e2328d;color:white;border-radius: 30px 30px 30px 30px;padding: 0px 5px 0px 5px\"> Exclusivos<\/span><\/h2>\t\t\t\t<\/div>\n\t\t\t\t<\/div>\n\t\t\t\t<div class=\"elementor-element elementor-element-11c6314 elementor-widget__width-initial elementor-widget-mobile__width-initial elementor-widget elementor-widget-text-editor\" data-id=\"11c6314\" data-element_type=\"widget\" data-widget_type=\"text-editor.default\">\n\t\t\t\t<div class=\"elementor-widget-container\">\n\t\t\t\t\t\t\t\t\tTransforme sua pele, transforme sua confian\u00e7a.\n<br>Tratamentos faciais personalizados para uma beleza deslumbrante!\t\t\t\t\t\t\t\t<\/div>\n\t\t\t\t<\/div>\n\t\t\t\t<div class=\"elementor-element elementor-element-9c254cf elementor-mobile-align-center elementor-widget__width-initial elementor-widget elementor-widget-button\" data-id=\"9c254cf\" data-element_type=\"widget\" data-widget_type=\"button.default\">\n\t\t\t\t<div class=\"elementor-widget-container\">\n\t\t\t\t\t\t\t\t\t<div class=\"elementor-button-wrapper\">\n\t\t\t\t\t<a class=\"elementor-button elementor-button-link elementor-size-sm elementor-animation-pulse-grow\" href=\"#\">\n\t\t\t\t\t\t<span class=\"elementor-button-content-wrapper\">\n\t\t\t\t\t\t\t\t\t<span class=\"elementor-button-text\">Agendar atendimento<\/span>\n\t\t\t\t\t<\/span>\n\t\t\t\t\t<\/a>\n\t\t\t\t<\/div>\n\t\t\t\t\t\t\t\t<\/div>\n\t\t\t\t<\/div>\n\t\t\t\t<\/div>\n\t\t<div class=\"elementor-element elementor-element-776d73d e-con-full e-flex e-con e-parent\" data-id=\"776d73d\" data-element_type=\"container\" data-settings=\"{&quot;background_background&quot;:&quot;classic&quot;}\">\n\t\t\t\t<div class=\"elementor-element elementor-element-8196c25 elementor-widget elementor-widget-heading\" data-id=\"8196c25\" data-element_type=\"widget\" id=\"#servicos\" data-widget_type=\"heading.default\">\n\t\t\t\t<div class=\"elementor-widget-container\">\n\t\t\t\t\t<h2 class=\"elementor-heading-title elementor-size-default\">NOSSOS SERVI\u00c7OS<\/h2>\t\t\t\t<\/div>\n\t\t\t\t<\/div>\n\t\t\t\t<\/div>\n\t\t<div class=\"elementor-element elementor-element-6d7b902 e-flex e-con-boxed e-con e-parent\" data-id=\"6d7b902\" data-element_type=\"container\" data-settings=\"{&quot;background_background&quot;:&quot;classic&quot;}\">\n\t\t\t\t\t<div class=\"e-con-inner\">\n\t\t<div class=\"elementor-element elementor-element-382bc44 e-con-full e-flex e-con e-child\" data-id=\"382bc44\" data-element_type=\"container\" data-settings=\"{&quot;background_background&quot;:&quot;classic&quot;}\">\n\t\t\t\t<div class=\"elementor-element elementor-element-edcaed1 elementor-widget elementor-widget-image\" data-id=\"edcaed1\" data-element_type=\"widget\" data-widget_type=\"image.default\">\n\t\t\t\t<div class=\"elementor-widget-container\">\n\t\t\t\t\t\t\t\t\t\t\t\t\t\t\t<img fetchpriority=\"high\" decoding=\"async\" width=\"800\" height=\"800\" src=\"https:\/\/jessicasepeestetica.com.br\/wp-content\/uploads\/2024\/04\/IMG-20240402-WA0021-1024x1024.jpg\" class=\"attachment-large size-large wp-image-222\" alt=\"Resultado de lash lifting aplicado - C\u00edlios naturalmente elevados e curvados - Jessica Sepe Est\u00e9tica e Beleza\" srcset=\"https:\/\/jessicasepeestetica.com.br\/wp-content\/uploads\/2024\/04\/IMG-20240402-WA0021-1024x1024.jpg 1024w, https:\/\/jessicasepeestetica.com.br\/wp-content\/uploads\/2024\/04\/IMG-20240402-WA0021-300x300.jpg 300w, https:\/\/jessicasepeestetica.com.br\/wp-content\/uploads\/2024\/04\/IMG-20240402-WA0021-150x150.jpg 150w, https:\/\/jessicasepeestetica.com.br\/wp-content\/uploads\/2024\/04\/IMG-20240402-WA0021-768x768.jpg 768w, https:\/\/jessicasepeestetica.com.br\/wp-content\/uploads\/2024\/04\/IMG-20240402-WA0021.jpg 1142w\" sizes=\"(max-width: 800px) 100vw, 800px\" \/>\t\t\t\t\t\t\t\t\t\t\t\t\t\t\t<\/div>\n\t\t\t\t<\/div>\n\t\t\t\t<div class=\"elementor-element elementor-element-0d5ffc9 elementor-widget elementor-widget-heading\" data-id=\"0d5ffc9\" data-element_type=\"widget\" data-widget_type=\"heading.default\">\n\t\t\t\t<div class=\"elementor-widget-container\">\n\t\t\t\t\t<h2 class=\"elementor-heading-title elementor-size-default\">Lash Lifiting<\/h2>\t\t\t\t<\/div>\n\t\t\t\t<\/div>\n\t\t\t\t<div class=\"elementor-element elementor-element-8d64a20 elementor-align-center elementor-widget elementor-widget-button\" data-id=\"8d64a20\" data-element_type=\"widget\" data-widget_type=\"button.default\">\n\t\t\t\t<div class=\"elementor-widget-container\">\n\t\t\t\t\t\t\t\t\t<div class=\"elementor-button-wrapper\">\n\t\t\t\t\t<a class=\"elementor-button elementor-button-link elementor-size-sm elementor-animation-grow\" href=\"https:\/\/agendaagil.com\/jessicasepeestetica\/\">\n\t\t\t\t\t\t<span class=\"elementor-button-content-wrapper\">\n\t\t\t\t\t\t\t\t\t<span class=\"elementor-button-text\">Agende um hor\u00e1rio<\/span>\n\t\t\t\t\t<\/span>\n\t\t\t\t\t<\/a>\n\t\t\t\t<\/div>\n\t\t\t\t\t\t\t\t<\/div>\n\t\t\t\t<\/div>\n\t\t\t\t<\/div>\n\t\t<div class=\"elementor-element elementor-element-99181f8 e-con-full e-flex e-con e-child\" data-id=\"99181f8\" data-element_type=\"container\" data-settings=\"{&quot;background_background&quot;:&quot;classic&quot;}\">\n\t\t\t\t<div class=\"elementor-element elementor-element-67c30e4 elementor-widget__width-initial elementor-widget elementor-widget-image\" data-id=\"67c30e4\" data-element_type=\"widget\" data-widget_type=\"image.default\">\n\t\t\t\t<div class=\"elementor-widget-container\">\n\t\t\t\t\t\t\t\t\t\t\t\t\t\t\t<img decoding=\"async\" width=\"1080\" height=\"1080\" src=\"https:\/\/jessicasepeestetica.com.br\/wp-content\/uploads\/2024\/04\/1-1.png\" class=\"attachment-full size-full wp-image-248\" alt=\"\" srcset=\"https:\/\/jessicasepeestetica.com.br\/wp-content\/uploads\/2024\/04\/1-1.png 1080w, https:\/\/jessicasepeestetica.com.br\/wp-content\/uploads\/2024\/04\/1-1-300x300.png 300w, https:\/\/jessicasepeestetica.com.br\/wp-content\/uploads\/2024\/04\/1-1-1024x1024.png 1024w, https:\/\/jessicasepeestetica.com.br\/wp-content\/uploads\/2024\/04\/1-1-150x150.png 150w, https:\/\/jessicasepeestetica.com.br\/wp-content\/uploads\/2024\/04\/1-1-768x768.png 768w\" sizes=\"(max-width: 1080px) 100vw, 1080px\" \/>\t\t\t\t\t\t\t\t\t\t\t\t\t\t\t<\/div>\n\t\t\t\t<\/div>\n\t\t\t\t<div class=\"elementor-element elementor-element-6bb7fa6 elementor-widget elementor-widget-heading\" data-id=\"6bb7fa6\" data-element_type=\"widget\" data-widget_type=\"heading.default\">\n\t\t\t\t<div class=\"elementor-widget-container\">\n\t\t\t\t\t<h2 class=\"elementor-heading-title elementor-size-default\">Design de Sobrancelhas<\/h2>\t\t\t\t<\/div>\n\t\t\t\t<\/div>\n\t\t\t\t<div class=\"elementor-element elementor-element-03cf024 elementor-align-center elementor-widget elementor-widget-button\" data-id=\"03cf024\" data-element_type=\"widget\" data-widget_type=\"button.default\">\n\t\t\t\t<div class=\"elementor-widget-container\">\n\t\t\t\t\t\t\t\t\t<div class=\"elementor-button-wrapper\">\n\t\t\t\t\t<a class=\"elementor-button elementor-button-link elementor-size-sm elementor-animation-grow\" href=\"https:\/\/agendaagil.com\/jessicasepeestetica\/\">\n\t\t\t\t\t\t<span class=\"elementor-button-content-wrapper\">\n\t\t\t\t\t\t\t\t\t<span class=\"elementor-button-text\">Agende um hor\u00e1rio<\/span>\n\t\t\t\t\t<\/span>\n\t\t\t\t\t<\/a>\n\t\t\t\t<\/div>\n\t\t\t\t\t\t\t\t<\/div>\n\t\t\t\t<\/div>\n\t\t\t\t<\/div>\n\t\t<div class=\"elementor-element elementor-element-215a570 e-con-full e-flex e-con e-child\" data-id=\"215a570\" data-element_type=\"container\" data-settings=\"{&quot;background_background&quot;:&quot;classic&quot;}\">\n\t\t\t\t<div class=\"elementor-element elementor-element-3345ed9 elementor-widget elementor-widget-heading\" data-id=\"3345ed9\" data-element_type=\"widget\" data-widget_type=\"heading.default\">\n\t\t\t\t<div class=\"elementor-widget-container\">\n\t\t\t\t\t<h2 class=\"elementor-heading-title elementor-size-default\">Maquiagem<\/h2>\t\t\t\t<\/div>\n\t\t\t\t<\/div>\n\t\t\t\t<div class=\"elementor-element elementor-element-18361fb elementor-align-center elementor-widget elementor-widget-button\" data-id=\"18361fb\" data-element_type=\"widget\" data-widget_type=\"button.default\">\n\t\t\t\t<div class=\"elementor-widget-container\">\n\t\t\t\t\t\t\t\t\t<div class=\"elementor-button-wrapper\">\n\t\t\t\t\t<a class=\"elementor-button elementor-button-link elementor-size-sm elementor-animation-grow\" href=\"https:\/\/agendaagil.com\/jessicasepeestetica\/\">\n\t\t\t\t\t\t<span class=\"elementor-button-content-wrapper\">\n\t\t\t\t\t\t\t\t\t<span class=\"elementor-button-text\">Agende um hor\u00e1rio<\/span>\n\t\t\t\t\t<\/span>\n\t\t\t\t\t<\/a>\n\t\t\t\t<\/div>\n\t\t\t\t\t\t\t\t<\/div>\n\t\t\t\t<\/div>\n\t\t\t\t<\/div>\n\t\t\t\t\t<\/div>\n\t\t\t\t<\/div>\n\t\t<div class=\"elementor-element elementor-element-cec1bcb e-flex e-con-boxed e-con e-parent\" data-id=\"cec1bcb\" data-element_type=\"container\" data-settings=\"{&quot;background_background&quot;:&quot;classic&quot;}\">\n\t\t\t\t\t<div class=\"e-con-inner\">\n\t\t\t\t\t<\/div>\n\t\t\t\t<\/div>\n\t\t<div class=\"elementor-element elementor-element-3dedde1 e-flex e-con-boxed e-con e-parent\" data-id=\"3dedde1\" data-element_type=\"container\" data-settings=\"{&quot;background_background&quot;:&quot;classic&quot;}\">\n\t\t\t\t\t<div class=\"e-con-inner\">\n\t\t\t\t<div class=\"elementor-element elementor-element-2d0a719 elementor-widget elementor-widget-heading\" data-id=\"2d0a719\" data-element_type=\"widget\" data-widget_type=\"heading.default\">\n\t\t\t\t<div class=\"elementor-widget-container\">\n\t\t\t\t\t<h2 class=\"elementor-heading-title elementor-size-default\">DEPOIMENTOS<\/h2>\t\t\t\t<\/div>\n\t\t\t\t<\/div>\n\t\t\t\t\t<\/div>\n\t\t\t\t<\/div>\n\t\t<div class=\"elementor-element elementor-element-1145d5d e-flex e-con-boxed e-con e-parent\" data-id=\"1145d5d\" data-element_type=\"container\">\n\t\t\t\t\t<div class=\"e-con-inner\">\n\t\t\t\t<div class=\"elementor-element elementor-element-3421ae0 elementor-arrows-position-inside elementor-pagination-position-outside elementor-widget elementor-widget-image-carousel\" data-id=\"3421ae0\" data-element_type=\"widget\" data-settings=\"{&quot;navigation&quot;:&quot;both&quot;,&quot;autoplay&quot;:&quot;yes&quot;,&quot;pause_on_hover&quot;:&quot;yes&quot;,&quot;pause_on_interaction&quot;:&quot;yes&quot;,&quot;autoplay_speed&quot;:5000,&quot;infinite&quot;:&quot;yes&quot;,&quot;speed&quot;:500}\" data-widget_type=\"image-carousel.default\">\n\t\t\t\t<div class=\"elementor-widget-container\">\n\t\t\t\t\t\t\t<div class=\"elementor-image-carousel-wrapper swiper\" role=\"region\" aria-roledescription=\"carousel\" aria-label=\"Carrossel de imagens\" dir=\"ltr\">\n\t\t\t<div class=\"elementor-image-carousel swiper-wrapper\" aria-live=\"off\">\n\t\t\t\t\t\t\t\t<div class=\"swiper-slide\" role=\"group\" aria-roledescription=\"slide\" aria-label=\"1 de 12\"><figure class=\"swiper-slide-inner\"><img decoding=\"async\" class=\"swiper-slide-image\" src=\"https:\/\/jessicasepeestetica.com.br\/wp-content\/uploads\/2024\/04\/Screenshot_20240406-193013_Instagram-768x1365.jpg\" alt=\"Depoimento - Jessica Sepe Est\u00e9tica\" \/><\/figure><\/div><div class=\"swiper-slide\" role=\"group\" aria-roledescription=\"slide\" aria-label=\"2 de 12\"><figure class=\"swiper-slide-inner\"><img decoding=\"async\" class=\"swiper-slide-image\" src=\"https:\/\/jessicasepeestetica.com.br\/wp-content\/uploads\/2024\/04\/Screenshot_20240406-192954_Instagram-768x1365.jpg\" alt=\"Depoimento - Jessica Sepe Est\u00e9tica\" \/><\/figure><\/div><div class=\"swiper-slide\" role=\"group\" aria-roledescription=\"slide\" aria-label=\"3 de 12\"><figure class=\"swiper-slide-inner\"><img decoding=\"async\" class=\"swiper-slide-image\" src=\"https:\/\/jessicasepeestetica.com.br\/wp-content\/uploads\/2024\/04\/Screenshot_20240406-192957_Instagram-768x1376.jpg\" alt=\"Depoimento - Jessica Sepe Est\u00e9tica\" \/><\/figure><\/div><div class=\"swiper-slide\" role=\"group\" aria-roledescription=\"slide\" aria-label=\"4 de 12\"><figure class=\"swiper-slide-inner\"><img decoding=\"async\" class=\"swiper-slide-image\" src=\"https:\/\/jessicasepeestetica.com.br\/wp-content\/uploads\/2024\/04\/Screenshot_20240406-193003_Instagram-768x1365.jpg\" alt=\"Depoimento - Jessica Sepe Est\u00e9tica\" \/><\/figure><\/div><div class=\"swiper-slide\" role=\"group\" aria-roledescription=\"slide\" aria-label=\"5 de 12\"><figure class=\"swiper-slide-inner\"><img decoding=\"async\" class=\"swiper-slide-image\" src=\"https:\/\/jessicasepeestetica.com.br\/wp-content\/uploads\/2024\/04\/Screenshot_20240406-193008_Instagram-768x1365.jpg\" alt=\"Depoimento - Jessica Sepe Est\u00e9tica\" \/><\/figure><\/div><div class=\"swiper-slide\" role=\"group\" aria-roledescription=\"slide\" aria-label=\"6 de 12\"><figure class=\"swiper-slide-inner\"><img decoding=\"async\" class=\"swiper-slide-image\" src=\"https:\/\/jessicasepeestetica.com.br\/wp-content\/uploads\/2024\/04\/Screenshot_20240406-193022_Instagram-768x1366.jpg\" alt=\"Depoimento - Jessica Sepe Est\u00e9tica\" \/><\/figure><\/div><div class=\"swiper-slide\" role=\"group\" aria-roledescription=\"slide\" aria-label=\"7 de 12\"><figure class=\"swiper-slide-inner\"><img decoding=\"async\" class=\"swiper-slide-image\" src=\"https:\/\/jessicasepeestetica.com.br\/wp-content\/uploads\/2024\/04\/Screenshot_20240406-193025_Instagram-768x1366.jpg\" alt=\"Depoimento - Jessica Sepe Est\u00e9tica\" \/><\/figure><\/div><div class=\"swiper-slide\" role=\"group\" aria-roledescription=\"slide\" aria-label=\"8 de 12\"><figure class=\"swiper-slide-inner\"><img decoding=\"async\" class=\"swiper-slide-image\" src=\"https:\/\/jessicasepeestetica.com.br\/wp-content\/uploads\/2024\/04\/Screenshot_20240406-193035_Instagram-768x1365.jpg\" alt=\"Depoimento - Jessica Sepe Est\u00e9tica\" \/><\/figure><\/div><div class=\"swiper-slide\" role=\"group\" aria-roledescription=\"slide\" aria-label=\"9 de 12\"><figure class=\"swiper-slide-inner\"><img decoding=\"async\" class=\"swiper-slide-image\" src=\"https:\/\/jessicasepeestetica.com.br\/wp-content\/uploads\/2024\/04\/Screenshot_20240406-193038_Instagram-768x1365.jpg\" alt=\"Depoimento - Jessica Sepe Est\u00e9tica\" \/><\/figure><\/div><div class=\"swiper-slide\" role=\"group\" aria-roledescription=\"slide\" aria-label=\"10 de 12\"><figure class=\"swiper-slide-inner\"><img decoding=\"async\" class=\"swiper-slide-image\" src=\"https:\/\/jessicasepeestetica.com.br\/wp-content\/uploads\/2024\/04\/Screenshot_20240406-193041_Instagram-768x1366.jpg\" alt=\"Depoimento - Jessica Sepe Est\u00e9tica\" \/><\/figure><\/div><div class=\"swiper-slide\" role=\"group\" aria-roledescription=\"slide\" aria-label=\"11 de 12\"><figure class=\"swiper-slide-inner\"><img decoding=\"async\" class=\"swiper-slide-image\" src=\"https:\/\/jessicasepeestetica.com.br\/wp-content\/uploads\/2024\/04\/Screenshot_20240406-193054_Instagram-768x1365.jpg\" alt=\"Depoimento - Jessica Sepe Est\u00e9tica\" \/><\/figure><\/div><div class=\"swiper-slide\" role=\"group\" aria-roledescription=\"slide\" aria-label=\"12 de 12\"><figure class=\"swiper-slide-inner\"><img decoding=\"async\" class=\"swiper-slide-image\" src=\"https:\/\/jessicasepeestetica.com.br\/wp-content\/uploads\/2024\/04\/Screenshot_20240406-193102_Instagram-768x1365.jpg\" alt=\"Depoimento - Jessica Sepe Est\u00e9tica\" \/><\/figure><\/div>\t\t\t<\/div>\n\t\t\t\t\t\t\t\t\t\t\t\t<div class=\"elementor-swiper-button elementor-swiper-button-prev\" role=\"button\" tabindex=\"0\">\n\t\t\t\t\t\t<svg aria-hidden=\"true\" class=\"e-font-icon-svg e-eicon-chevron-left\" viewBox=\"0 0 1000 1000\" xmlns=\"http:\/\/www.w3.org\/2000\/svg\"><path d=\"M646 125C629 125 613 133 604 142L308 442C296 454 292 471 292 487 292 504 296 521 308 533L604 854C617 867 629 875 646 875 663 875 679 871 692 858 704 846 713 829 713 812 713 796 708 779 692 767L438 487 692 225C700 217 708 204 708 187 708 171 704 154 692 142 675 129 663 125 646 125Z\"><\/path><\/svg>\t\t\t\t\t<\/div>\n\t\t\t\t\t<div class=\"elementor-swiper-button elementor-swiper-button-next\" role=\"button\" tabindex=\"0\">\n\t\t\t\t\t\t<svg aria-hidden=\"true\" class=\"e-font-icon-svg e-eicon-chevron-right\" viewBox=\"0 0 1000 1000\" xmlns=\"http:\/\/www.w3.org\/2000\/svg\"><path d=\"M696 533C708 521 713 504 713 487 713 471 708 454 696 446L400 146C388 133 375 125 354 125 338 125 325 129 313 142 300 154 292 171 292 187 292 204 296 221 308 233L563 492 304 771C292 783 288 800 288 817 288 833 296 850 308 863 321 871 338 875 354 875 371 875 388 867 400 854L696 533Z\"><\/path><\/svg>\t\t\t\t\t<\/div>\n\t\t\t\t\n\t\t\t\t\t\t\t\t\t<div class=\"swiper-pagination\"><\/div>\n\t\t\t\t\t\t\t\t\t<\/div>\n\t\t\t\t\t\t<\/div>\n\t\t\t\t<\/div>\n\t\t\t\t\t<\/div>\n\t\t\t\t<\/div>\n\t\t\t\t<\/div>\n\t\t","protected":false},"excerpt":{"rendered":"<p>Experimente os tratamentos de Est\u00e9tica Facial Exclusivos Transforme sua pele, transforme sua confian\u00e7a. Tratamentos faciais personalizados para uma beleza deslumbrante! Agendar atendimento NOSSOS SERVI\u00c7OS Lash Lifiting Agende um hor\u00e1rio Design de Sobrancelhas Agende um hor\u00e1rio Maquiagem Agende um hor\u00e1rio DEPOIMENTOS<\/p>\n","protected":false},"author":1,"featured_media":0,"parent":0,"menu_order":0,"comment_status":"closed","ping_status":"closed","template":"elementor_header_footer","meta":{"_monsterinsights_skip_tracking":false,"_monsterinsights_sitenote_active":false,"_monsterinsights_sitenote_note":"","_monsterinsights_sitenote_category":0,"footnotes":""},"class_list":["post-51","page","type-page","status-publish","hentry"],"aioseo_notices":[],"_links":{"self":[{"href":"https:\/\/jessicasepeestetica.com.br\/index.php?rest_route=\/wp\/v2\/pages\/51"}],"collection":[{"href":"https:\/\/jessicasepeestetica.com.br\/index.php?rest_route=\/wp\/v2\/pages"}],"about":[{"href":"https:\/\/jessicasepeestetica.com.br\/index.php?rest_route=\/wp\/v2\/types\/page"}],"author":[{"embeddable":true,"href":"https:\/\/jessicasepeestetica.com.br\/index.php?rest_route=\/wp\/v2\/users\/1"}],"replies":[{"embeddable":true,"href":"https:\/\/jessicasepeestetica.com.br\/index.php?rest_route=%2Fwp%2Fv2%2Fcomments&post=51"}],"version-history":[{"count":64,"href":"https:\/\/jessicasepeestetica.com.br\/index.php?rest_route=\/wp\/v2\/pages\/51\/revisions"}],"predecessor-version":[{"id":298,"href":"https:\/\/jessicasepeestetica.com.br\/index.php?rest_route=\/wp\/v2\/pages\/51\/revisions\/298"}],"wp:attachment":[{"href":"https:\/\/jessicasepeestetica.com.br\/index.php?rest_route=%2Fwp%2Fv2%2Fmedia&parent=51"}],"curies":[{"name":"wp","href":"https:\/\/api.w.org\/{rel}","templated":true}]}}